{"id":41,"date":"2025-02-03T10:45:22","date_gmt":"2025-02-03T10:45:22","guid":{"rendered":"https:\/\/audioentertainment.org\/?page_id=41"},"modified":"2025-03-14T10:38:08","modified_gmt":"2025-03-14T10:38:08","slug":"a-propos-de-nous","status":"publish","type":"page","link":"https:\/\/audioentertainment.org\/ro\/a-propos-de-nous\/","title":{"rendered":"Despre noi"},"content":{"rendered":"<p>\u00cen fo\u0219netul \u021bes\u0103turilor \u0219i dialogul culorilor, \u021besem pove\u0219ti de stil care transcend simplele tendin\u021be. Pasiunea noastr\u0103? Decodificarea artei vestimentare contemporane.<\/p>\n<p><img loading=\"lazy\" decoding=\"async\" class=\"aligncenter wp-image-44 size-full\" src=\"https:\/\/audioentertainment.org\/wp-content\/uploads\/2025\/02\/photo-new-1.jpg\" alt=\"\" width=\"612\" height=\"408\" srcset=\"https:\/\/audioentertainment.org\/wp-content\/uploads\/2025\/02\/photo-new-1.jpg 612w, https:\/\/audioentertainment.org\/wp-content\/uploads\/2025\/02\/photo-new-1-300x200.jpg 300w\" sizes=\"auto, (max-width: 612px) 100vw, 612px\" \/><\/p>\n<h2>Simfonia Stilurilor<\/h2>\n<p>Fiecare pies\u0103 vestimentar\u0103 pe care o cre\u0103m este o not\u0103 \u00een marea partitur\u0103 a modei contemporane. Explor\u0103m grani\u021bele dintre elegan\u021ba clasic\u0103 \u0219i \u00eendr\u0103zneala modern\u0103, oferind o perspectiv\u0103 proasp\u0103t\u0103 asupra artei vestimentare.<\/p>\n<h2>Atelierul Posibilit\u0103\u021bilor<\/h2>\n<p>Echipa noastr\u0103 de designeri pasiona\u021bi c\u0103l\u0103tore\u0219te prin epoci \u0219i stiluri pentru a v\u0103 oferi o perspectiv\u0103 unic\u0103 asupra modei. Credem c\u0103 fiecare pies\u0103 vestimentar\u0103 spune o poveste, iar noi suntem aici pentru a v\u0103 ajuta s\u0103 o scrie\u021bi pe a dumneavoastr\u0103.<\/p>\n<h2>C\u0103ile Descoperirii<\/h2>\n<ul>\n<li>Explorare poetic\u0103 a noilor colec\u021bii \u0219i a rezonan\u021bei lor \u00een via\u021ba noastr\u0103 de zi cu zi<\/li>\n<li>Cartografierea tendin\u021belor emergente \u0219i interpretarea lor personal\u0103<\/li>\n<li>Pove\u0219ti intime despre transform\u0103ri de stil \u0219i sfaturi personalizate<\/li>\n<li>Dialoguri \u00eentre moda etic\u0103 \u0219i exprimarea personal\u0103<\/li>\n<li>C\u0103l\u0103torii \u00een inima atelierelor creative \u0219i a \u00eent\u00e2lnirilor inspirate<\/li>\n<\/ul>","protected":false},"excerpt":{"rendered":"<p>Dans le bruissement des tissus et le dialogue des couleurs, nous tissons des r\u00e9cits de style qui transcendent les simples [&hellip;]<\/p>","protected":false},"author":1,"featured_media":0,"parent":0,"menu_order":0,"comment_status":"closed","ping_status":"closed","template":"","meta":{"_acf_changed":false,"footnotes":""},"class_list":["post-41","page","type-page","status-publish","hentry"],"acf":[],"yoast_head":"<!-- This site is optimized with the Yoast SEO plugin v23.2 - https:\/\/yoast.com\/wordpress\/plugins\/seo\/ -->\n<title>A propos de nous - audioentertainment.org<\/title>\n<meta name=\"description\" content=\"Explorer l&#039;univers de la mode contemporaine \u00e0 travers les articles incident, analysis des tendances et conseils de style personnalis\u00e9s.\" \/>\n<meta name=\"robots\" content=\"index, follow, max-snippet:-1, max-image-preview:large, max-video-preview:-1\" \/>\n<link rel=\"canonical\" href=\"https:\/\/audioentertainment.org\/ro\/a-propos-de-nous\/\" \/>\n<meta property=\"og:locale\" content=\"ro_RO\" \/>\n<meta property=\"og:type\" content=\"article\" \/>\n<meta property=\"og:title\" content=\"A propos de nous - audioentertainment.org\" \/>\n<meta property=\"og:description\" content=\"Explorer l&#039;univers de la mode contemporaine \u00e0 travers les articles incident, analysis des tendances et conseils de style personnalis\u00e9s.\" \/>\n<meta property=\"og:url\" content=\"https:\/\/audioentertainment.org\/ro\/a-propos-de-nous\/\" \/>\n<meta property=\"og:site_name\" content=\"audioentertainment.org\" \/>\n<meta property=\"article:modified_time\" content=\"2025-03-14T10:38:08+00:00\" \/>\n<meta property=\"og:image\" content=\"https:\/\/audioentertainment.org\/wp-content\/uploads\/2025\/02\/photo-new-1.jpg\" \/>\n<meta name=\"twitter:card\" content=\"summary_large_image\" \/>\n<meta name=\"twitter:label1\" content=\"Timp estimat pentru citire\" \/>\n\t<meta name=\"twitter:data1\" content=\"2 minute\" \/>\n<script type=\"application\/ld+json\" class=\"yoast-schema-graph\">{\"@context\":\"https:\/\/schema.org\",\"@graph\":[{\"@type\":\"WebPage\",\"@id\":\"https:\/\/audioentertainment.org\/a-propos-de-nous\/\",\"url\":\"https:\/\/audioentertainment.org\/a-propos-de-nous\/\",\"name\":\"A propos de nous - audioentertainment.org\",\"isPartOf\":{\"@id\":\"https:\/\/audioentertainment.org\/#website\"},\"primaryImageOfPage\":{\"@id\":\"https:\/\/audioentertainment.org\/a-propos-de-nous\/#primaryimage\"},\"image\":{\"@id\":\"https:\/\/audioentertainment.org\/a-propos-de-nous\/#primaryimage\"},\"thumbnailUrl\":\"https:\/\/audioentertainment.org\/wp-content\/uploads\/2025\/02\/photo-new-1.jpg\",\"datePublished\":\"2025-02-03T10:45:22+00:00\",\"dateModified\":\"2025-03-14T10:38:08+00:00\",\"description\":\"Explorer l'univers de la mode contemporaine \u00e0 travers les articles incident, analysis des tendances et conseils de style personnalis\u00e9s.\",\"breadcrumb\":{\"@id\":\"https:\/\/audioentertainment.org\/a-propos-de-nous\/#breadcrumb\"},\"inLanguage\":\"ro-RO\",\"potentialAction\":[{\"@type\":\"ReadAction\",\"target\":[\"https:\/\/audioentertainment.org\/a-propos-de-nous\/\"]}]},{\"@type\":\"ImageObject\",\"inLanguage\":\"ro-RO\",\"@id\":\"https:\/\/audioentertainment.org\/a-propos-de-nous\/#primaryimage\",\"url\":\"https:\/\/audioentertainment.org\/wp-content\/uploads\/2025\/02\/photo-new-1.jpg\",\"contentUrl\":\"https:\/\/audioentertainment.org\/wp-content\/uploads\/2025\/02\/photo-new-1.jpg\"},{\"@type\":\"BreadcrumbList\",\"@id\":\"https:\/\/audioentertainment.org\/a-propos-de-nous\/#breadcrumb\",\"itemListElement\":[{\"@type\":\"ListItem\",\"position\":1,\"name\":\"Home\",\"item\":\"https:\/\/audioentertainment.org\/\"},{\"@type\":\"ListItem\",\"position\":2,\"name\":\"A propos de nous\"}]},{\"@type\":\"WebSite\",\"@id\":\"https:\/\/audioentertainment.org\/#website\",\"url\":\"https:\/\/audioentertainment.org\/\",\"name\":\"audioentertainment.org\",\"description\":\"Votre Guide Mode et Style au Quotidien\",\"potentialAction\":[{\"@type\":\"SearchAction\",\"target\":{\"@type\":\"EntryPoint\",\"urlTemplate\":\"https:\/\/audioentertainment.org\/?s={search_term_string}\"},\"query-input\":\"required name=search_term_string\"}],\"inLanguage\":\"ro-RO\"}]}<\/script>\n<!-- \/ Yoast SEO plugin. -->","yoast_head_json":{"title":"A propos de nous - audioentertainment.org","description":"Explorer l'univers de la mode contemporaine \u00e0 travers les articles incident, analysis des tendances et conseils de style personnalis\u00e9s.","robots":{"index":"index","follow":"follow","max-snippet":"max-snippet:-1","max-image-preview":"max-image-preview:large","max-video-preview":"max-video-preview:-1"},"canonical":"https:\/\/audioentertainment.org\/ro\/a-propos-de-nous\/","og_locale":"ro_RO","og_type":"article","og_title":"A propos de nous - audioentertainment.org","og_description":"Explorer l'univers de la mode contemporaine \u00e0 travers les articles incident, analysis des tendances et conseils de style personnalis\u00e9s.","og_url":"https:\/\/audioentertainment.org\/ro\/a-propos-de-nous\/","og_site_name":"audioentertainment.org","article_modified_time":"2025-03-14T10:38:08+00:00","og_image":[{"url":"https:\/\/audioentertainment.org\/wp-content\/uploads\/2025\/02\/photo-new-1.jpg"}],"twitter_card":"summary_large_image","twitter_misc":{"Timp estimat pentru citire":"2 minute"},"schema":{"@context":"https:\/\/schema.org","@graph":[{"@type":"WebPage","@id":"https:\/\/audioentertainment.org\/a-propos-de-nous\/","url":"https:\/\/audioentertainment.org\/a-propos-de-nous\/","name":"A propos de nous - audioentertainment.org","isPartOf":{"@id":"https:\/\/audioentertainment.org\/#website"},"primaryImageOfPage":{"@id":"https:\/\/audioentertainment.org\/a-propos-de-nous\/#primaryimage"},"image":{"@id":"https:\/\/audioentertainment.org\/a-propos-de-nous\/#primaryimage"},"thumbnailUrl":"https:\/\/audioentertainment.org\/wp-content\/uploads\/2025\/02\/photo-new-1.jpg","datePublished":"2025-02-03T10:45:22+00:00","dateModified":"2025-03-14T10:38:08+00:00","description":"Explorer l'univers de la mode contemporaine \u00e0 travers les articles incident, analysis des tendances et conseils de style personnalis\u00e9s.","breadcrumb":{"@id":"https:\/\/audioentertainment.org\/a-propos-de-nous\/#breadcrumb"},"inLanguage":"ro-RO","potentialAction":[{"@type":"ReadAction","target":["https:\/\/audioentertainment.org\/a-propos-de-nous\/"]}]},{"@type":"ImageObject","inLanguage":"ro-RO","@id":"https:\/\/audioentertainment.org\/a-propos-de-nous\/#primaryimage","url":"https:\/\/audioentertainment.org\/wp-content\/uploads\/2025\/02\/photo-new-1.jpg","contentUrl":"https:\/\/audioentertainment.org\/wp-content\/uploads\/2025\/02\/photo-new-1.jpg"},{"@type":"BreadcrumbList","@id":"https:\/\/audioentertainment.org\/a-propos-de-nous\/#breadcrumb","itemListElement":[{"@type":"ListItem","position":1,"name":"Home","item":"https:\/\/audioentertainment.org\/"},{"@type":"ListItem","position":2,"name":"A propos de nous"}]},{"@type":"WebSite","@id":"https:\/\/audioentertainment.org\/#website","url":"https:\/\/audioentertainment.org\/","name":"audioentertainment.org","description":"Votre Guide Mode et Style au Quotidien","potentialAction":[{"@type":"SearchAction","target":{"@type":"EntryPoint","urlTemplate":"https:\/\/audioentertainment.org\/?s={search_term_string}"},"query-input":"required name=search_term_string"}],"inLanguage":"ro-RO"}]}},"yoast_meta":{"yoast_wpseo_title":"","yoast_wpseo_metadesc":"","yoast_wpseo_canonical":"https:\/\/audioentertainment.org\/ro\/wp-json\/wp\/v2\/pages\/41"},"_links":{"self":[{"href":"https:\/\/audioentertainment.org\/ro\/wp-json\/wp\/v2\/pages\/41","targetHints":{"allow":["GET"]}}],"collection":[{"href":"https:\/\/audioentertainment.org\/ro\/wp-json\/wp\/v2\/pages"}],"about":[{"href":"https:\/\/audioentertainment.org\/ro\/wp-json\/wp\/v2\/types\/page"}],"author":[{"embeddable":true,"href":"https:\/\/audioentertainment.org\/ro\/wp-json\/wp\/v2\/users\/1"}],"replies":[{"embeddable":true,"href":"https:\/\/audioentertainment.org\/ro\/wp-json\/wp\/v2\/comments?post=41"}],"version-history":[{"count":2,"href":"https:\/\/audioentertainment.org\/ro\/wp-json\/wp\/v2\/pages\/41\/revisions"}],"predecessor-version":[{"id":45,"href":"https:\/\/audioentertainment.org\/ro\/wp-json\/wp\/v2\/pages\/41\/revisions\/45"}],"wp:attachment":[{"href":"https:\/\/audioentertainment.org\/ro\/wp-json\/wp\/v2\/media?parent=41"}],"curies":[{"name":"wp","href":"https:\/\/api.w.org\/{rel}","templated":true}]}}