{"id":57,"date":"2025-02-03T11:01:56","date_gmt":"2025-02-03T11:01:56","guid":{"rendered":"https:\/\/audioentertainment.org\/?page_id=57"},"modified":"2025-02-03T11:01:58","modified_gmt":"2025-02-03T11:01:58","slug":"contactez-nous","status":"publish","type":"page","link":"https:\/\/audioentertainment.org\/ro\/contactez-nous\/","title":{"rendered":"Contacta\u0163i-ne"},"content":{"rendered":"<p>Suntem bucuro\u0219i s\u0103 r\u0103spundem la \u00eentreb\u0103rile dumneavoastr\u0103 \u0219i s\u0103 primim sugestiile dumneavoastr\u0103 cu privire la articolele \u0219i produsele noastre audio. Contacta\u021bi-ne prin urm\u0103toarele metode:<\/p>\n<h2>Formular de contact<\/h2>\n<form action=\"mailto:contact@audioentertainment.org\" method=\"post\" enctype=\"text\/plain\" data-trp-original-action=\"mailto:contact@audioentertainment.org\">\n            <label for=\"name\">Nume:<\/label><br \/>\n            <input type=\"text\" id=\"name\" name=\"name\" required><\/p>\n<p>            <label for=\"email\">Adresa de e-mail :<\/label><br \/>\n            <input type=\"email\" id=\"\"email\"\" name=\"email\" required><\/p>\n<p>            <label for=\"message\">Mesaj:<\/label><br \/>\n            <textarea id=\"message\" name=\"message\" rows=\"5\" required><\/textarea><\/p>\n<p>            <input type=\"submit\" value=\"Trimite\"><br \/>\n        <input type=\"hidden\" name=\"trp-form-language\" value=\"ro\"\/><\/form>\n<p>De asemenea, ne pute\u021bi trimite un e-mail direct la adresa: <a href=\"mailto:contact@audioentertainment.org\">contact@audioentertainment.org<\/a><\/p>","protected":false},"excerpt":{"rendered":"<p>Nous sommes ravis de r\u00e9pondre \u00e0 vos questions et de recevoir vos suggestions concernant nos articles et produits audio. Contactez-nous [&hellip;]<\/p>","protected":false},"author":1,"featured_media":0,"parent":0,"menu_order":0,"comment_status":"closed","ping_status":"closed","template":"","meta":{"_acf_changed":false,"footnotes":""},"class_list":["post-57","page","type-page","status-publish","hentry"],"acf":[],"yoast_head":"<!-- This site is optimized with the Yoast SEO plugin v23.2 - https:\/\/yoast.com\/wordpress\/plugins\/seo\/ -->\n<title>Contactez nous - audioentertainment.org<\/title>\n<meta name=\"description\" content=\"Contactez AudioEntertainment pour toute question ou suggestion. Nous sommes \u00e0 votre \u00e9coute en France.\" \/>\n<meta name=\"robots\" content=\"index, follow, max-snippet:-1, max-image-preview:large, max-video-preview:-1\" \/>\n<link rel=\"canonical\" href=\"https:\/\/audioentertainment.org\/ro\/contactez-nous\/\" \/>\n<meta property=\"og:locale\" content=\"ro_RO\" \/>\n<meta property=\"og:type\" content=\"article\" \/>\n<meta property=\"og:title\" content=\"Contactez nous - audioentertainment.org\" \/>\n<meta property=\"og:description\" content=\"Contactez AudioEntertainment pour toute question ou suggestion. Nous sommes \u00e0 votre \u00e9coute en France.\" \/>\n<meta property=\"og:url\" content=\"https:\/\/audioentertainment.org\/ro\/contactez-nous\/\" \/>\n<meta property=\"og:site_name\" content=\"audioentertainment.org\" \/>\n<meta property=\"article:modified_time\" content=\"2025-02-03T11:01:58+00:00\" \/>\n<meta name=\"twitter:card\" content=\"summary_large_image\" \/>\n<meta name=\"twitter:label1\" content=\"Timp estimat pentru citire\" \/>\n\t<meta name=\"twitter:data1\" content=\"1 minut\" \/>\n<script type=\"application\/ld+json\" class=\"yoast-schema-graph\">{\"@context\":\"https:\/\/schema.org\",\"@graph\":[{\"@type\":\"WebPage\",\"@id\":\"https:\/\/audioentertainment.org\/contactez-nous\/\",\"url\":\"https:\/\/audioentertainment.org\/contactez-nous\/\",\"name\":\"Contactez nous - audioentertainment.org\",\"isPartOf\":{\"@id\":\"https:\/\/audioentertainment.org\/#website\"},\"datePublished\":\"2025-02-03T11:01:56+00:00\",\"dateModified\":\"2025-02-03T11:01:58+00:00\",\"description\":\"Contactez AudioEntertainment pour toute question ou suggestion. Nous sommes \u00e0 votre \u00e9coute en France.\",\"breadcrumb\":{\"@id\":\"https:\/\/audioentertainment.org\/contactez-nous\/#breadcrumb\"},\"inLanguage\":\"ro-RO\",\"potentialAction\":[{\"@type\":\"ReadAction\",\"target\":[\"https:\/\/audioentertainment.org\/contactez-nous\/\"]}]},{\"@type\":\"BreadcrumbList\",\"@id\":\"https:\/\/audioentertainment.org\/contactez-nous\/#breadcrumb\",\"itemListElement\":[{\"@type\":\"ListItem\",\"position\":1,\"name\":\"Home\",\"item\":\"https:\/\/audioentertainment.org\/\"},{\"@type\":\"ListItem\",\"position\":2,\"name\":\"Contactez nous\"}]},{\"@type\":\"WebSite\",\"@id\":\"https:\/\/audioentertainment.org\/#website\",\"url\":\"https:\/\/audioentertainment.org\/\",\"name\":\"audioentertainment.org\",\"description\":\"Votre Guide Mode et Style au Quotidien\",\"potentialAction\":[{\"@type\":\"SearchAction\",\"target\":{\"@type\":\"EntryPoint\",\"urlTemplate\":\"https:\/\/audioentertainment.org\/?s={search_term_string}\"},\"query-input\":\"required name=search_term_string\"}],\"inLanguage\":\"ro-RO\"}]}<\/script>\n<!-- \/ Yoast SEO plugin. -->","yoast_head_json":{"title":"Contactez nous - audioentertainment.org","description":"Contactez AudioEntertainment pour toute question ou suggestion. Nous sommes \u00e0 votre \u00e9coute en France.","robots":{"index":"index","follow":"follow","max-snippet":"max-snippet:-1","max-image-preview":"max-image-preview:large","max-video-preview":"max-video-preview:-1"},"canonical":"https:\/\/audioentertainment.org\/ro\/contactez-nous\/","og_locale":"ro_RO","og_type":"article","og_title":"Contactez nous - audioentertainment.org","og_description":"Contactez AudioEntertainment pour toute question ou suggestion. Nous sommes \u00e0 votre \u00e9coute en France.","og_url":"https:\/\/audioentertainment.org\/ro\/contactez-nous\/","og_site_name":"audioentertainment.org","article_modified_time":"2025-02-03T11:01:58+00:00","twitter_card":"summary_large_image","twitter_misc":{"Timp estimat pentru citire":"1 minut"},"schema":{"@context":"https:\/\/schema.org","@graph":[{"@type":"WebPage","@id":"https:\/\/audioentertainment.org\/contactez-nous\/","url":"https:\/\/audioentertainment.org\/contactez-nous\/","name":"Contactez nous - audioentertainment.org","isPartOf":{"@id":"https:\/\/audioentertainment.org\/#website"},"datePublished":"2025-02-03T11:01:56+00:00","dateModified":"2025-02-03T11:01:58+00:00","description":"Contactez AudioEntertainment pour toute question ou suggestion. Nous sommes \u00e0 votre \u00e9coute en France.","breadcrumb":{"@id":"https:\/\/audioentertainment.org\/contactez-nous\/#breadcrumb"},"inLanguage":"ro-RO","potentialAction":[{"@type":"ReadAction","target":["https:\/\/audioentertainment.org\/contactez-nous\/"]}]},{"@type":"BreadcrumbList","@id":"https:\/\/audioentertainment.org\/contactez-nous\/#breadcrumb","itemListElement":[{"@type":"ListItem","position":1,"name":"Home","item":"https:\/\/audioentertainment.org\/"},{"@type":"ListItem","position":2,"name":"Contactez nous"}]},{"@type":"WebSite","@id":"https:\/\/audioentertainment.org\/#website","url":"https:\/\/audioentertainment.org\/","name":"audioentertainment.org","description":"Votre Guide Mode et Style au Quotidien","potentialAction":[{"@type":"SearchAction","target":{"@type":"EntryPoint","urlTemplate":"https:\/\/audioentertainment.org\/?s={search_term_string}"},"query-input":"required name=search_term_string"}],"inLanguage":"ro-RO"}]}},"yoast_meta":{"yoast_wpseo_title":"","yoast_wpseo_metadesc":"","yoast_wpseo_canonical":"https:\/\/audioentertainment.org\/ro\/wp-json\/wp\/v2\/pages\/57"},"_links":{"self":[{"href":"https:\/\/audioentertainment.org\/ro\/wp-json\/wp\/v2\/pages\/57","targetHints":{"allow":["GET"]}}],"collection":[{"href":"https:\/\/audioentertainment.org\/ro\/wp-json\/wp\/v2\/pages"}],"about":[{"href":"https:\/\/audioentertainment.org\/ro\/wp-json\/wp\/v2\/types\/page"}],"author":[{"embeddable":true,"href":"https:\/\/audioentertainment.org\/ro\/wp-json\/wp\/v2\/users\/1"}],"replies":[{"embeddable":true,"href":"https:\/\/audioentertainment.org\/ro\/wp-json\/wp\/v2\/comments?post=57"}],"version-history":[{"count":1,"href":"https:\/\/audioentertainment.org\/ro\/wp-json\/wp\/v2\/pages\/57\/revisions"}],"predecessor-version":[{"id":58,"href":"https:\/\/audioentertainment.org\/ro\/wp-json\/wp\/v2\/pages\/57\/revisions\/58"}],"wp:attachment":[{"href":"https:\/\/audioentertainment.org\/ro\/wp-json\/wp\/v2\/media?parent=57"}],"curies":[{"name":"wp","href":"https:\/\/api.w.org\/{rel}","templated":true}]}}